{"id":9,"date":"2017-07-22T17:54:06","date_gmt":"2017-07-22T15:54:06","guid":{"rendered":"http:\/\/www.schuetzenverein-rothenkirchen.de\/?page_id=9"},"modified":"2026-04-06T10:02:53","modified_gmt":"2026-04-06T08:02:53","slug":"9-2","status":"publish","type":"page","link":"https:\/\/www.schuetzenverein-rothenkirchen.de\/","title":{"rendered":"Herzlich Willkommen!"},"content":{"rendered":"\n<figure class=\"wp-block-image size-full is-resized\"><img loading=\"lazy\" decoding=\"async\" width=\"1000\" height=\"666\" src=\"http:\/\/www.schuetzenverein-rothenkirchen.de\/wp-content\/uploads\/img\/2017\/neuer-stand\/2991.jpg\" alt=\"\" class=\"wp-image-784\" style=\"width:552px;height:auto\" srcset=\"https:\/\/www.schuetzenverein-rothenkirchen.de\/wp-content\/uploads\/img\/2017\/neuer-stand\/2991.jpg 1000w, https:\/\/www.schuetzenverein-rothenkirchen.de\/wp-content\/uploads\/img\/2017\/neuer-stand\/2991-300x200.jpg 300w, https:\/\/www.schuetzenverein-rothenkirchen.de\/wp-content\/uploads\/img\/2017\/neuer-stand\/2991-768x511.jpg 768w\" sizes=\"auto, (max-width: 1000px) 100vw, 1000px\" \/><\/figure>\n\n\n\n<ul class=\"wp-block-list\"><\/ul>\n\n\n\n<p class=\"has-small-font-size\">Auschreibungen und Protokolle zu Wettk\u00e4mpfen finden Sie unter <a href=\"https:\/\/www.schuetzenverein-rothenkirchen.de\/?page_id=336\"><strong>Downloads<\/strong><\/a>.<\/p>\n\n\n\n<p><a href=\"http:\/\/www.schuetzenverein-rothenkirchen.de\/wp-content\/uploads\/ausschreibung-sportschiessen.pdf\"><strong>NEU: Ausschreibung Sportschie\u00dfen<\/strong><\/a><\/p>\n\n\n\n<h2 class=\"wp-block-heading has-small-font-size\">Unser Training findet immer Montags von 18:00 &#8211; 20:00 Uhr.<\/h2>\n\n\n\n<p class=\"has-medium-font-size\"><strong><a href=\"http:\/\/www.schuetzenverein-rothenkirchen.de\/wp-content\/uploads\/Infobroschuere_Mitglieder_2026.pdf\">INFOBROSCH\u00dcRE SCH\u00dcTZENVEREIN<\/a><\/strong><\/p>\n\n\n\n<p><\/p>\n","protected":false},"excerpt":{"rendered":"<p>Auschreibungen und Protokolle zu Wettk\u00e4mpfen finden Sie unter Downloads. NEU: Ausschreibung Sportschie\u00dfen Unser Training findet immer Montags von 18:00 &#8211; 20:00 Uhr. INFOBROSCH\u00dcRE SCH\u00dcTZENVEREIN<\/p>\n","protected":false},"author":2,"featured_media":0,"parent":0,"menu_order":0,"comment_status":"closed","ping_status":"closed","template":"","meta":{"footnotes":""},"class_list":["post-9","page","type-page","status-publish","hentry"],"_links":{"self":[{"href":"https:\/\/www.schuetzenverein-rothenkirchen.de\/index.php?rest_route=\/wp\/v2\/pages\/9","targetHints":{"allow":["GET"]}}],"collection":[{"href":"https:\/\/www.schuetzenverein-rothenkirchen.de\/index.php?rest_route=\/wp\/v2\/pages"}],"about":[{"href":"https:\/\/www.schuetzenverein-rothenkirchen.de\/index.php?rest_route=\/wp\/v2\/types\/page"}],"author":[{"embeddable":true,"href":"https:\/\/www.schuetzenverein-rothenkirchen.de\/index.php?rest_route=\/wp\/v2\/users\/2"}],"replies":[{"embeddable":true,"href":"https:\/\/www.schuetzenverein-rothenkirchen.de\/index.php?rest_route=%2Fwp%2Fv2%2Fcomments&post=9"}],"version-history":[{"count":74,"href":"https:\/\/www.schuetzenverein-rothenkirchen.de\/index.php?rest_route=\/wp\/v2\/pages\/9\/revisions"}],"predecessor-version":[{"id":1263,"href":"https:\/\/www.schuetzenverein-rothenkirchen.de\/index.php?rest_route=\/wp\/v2\/pages\/9\/revisions\/1263"}],"wp:attachment":[{"href":"https:\/\/www.schuetzenverein-rothenkirchen.de\/index.php?rest_route=%2Fwp%2Fv2%2Fmedia&parent=9"}],"curies":[{"name":"wp","href":"https:\/\/api.w.org\/{rel}","templated":true}]}}